{"id":24147,"date":"2019-04-16T15:07:18","date_gmt":"2019-04-16T15:07:18","guid":{"rendered":"http:\/\/www.energiacreativa.archi\/?page_id=24147"},"modified":"2019-04-16T15:33:15","modified_gmt":"2019-04-16T15:33:15","slug":"quienes-somos-3","status":"publish","type":"page","link":"https:\/\/www.energiacreativa.archi\/?page_id=24147","title":{"rendered":"Certificaci\u00f3n energ\u00e9tica"},"content":{"rendered":"<div class=\"vce-row-container\"><div class=\"vce-row vce-row--col-gap-30 vce-row-columns--top vce-row-content--top\" id=\"el-ab4792c0\" data-vce-do-apply=\"all el-ab4792c0\"><div class=\"vce-row-content\" data-vce-element-content=\"true\"><div class=\"vce-col vce-col--md-100p vce-col--xs-1 vce-col--xs-last vce-col--xs-first vce-col--sm-last vce-col--sm-first vce-col--md-last vce-col--lg-last vce-col--xl-last vce-col--md-first vce-col--lg-first vce-col--xl-first\" id=\"el-5b79c361\" data-vce-do-apply=\"background border el-5b79c361\"><div class=\"vce-col-inner\" data-vce-element-content=\"true\" data-vce-do-apply=\"padding margin  el-5b79c361\"><div class=\"vce-text-block\"><div class=\"vce-text-block-wrapper vce\" id=\"el-fd1b6249\" data-vce-do-apply=\"all el-fd1b6249\"><h2>Que es el certificado de eficiencia energ\u00e9tica?<\/h2><p align=\"justify\">El certificado de eficiencia energ\u00e9tica o certificado energ\u00e9tico es un documento oficial redactado por un t\u00e9cnico competente que incluye informaci\u00f3n objetiva sobre las caracter\u00edsticas energ\u00e9ticas de un inmueble. En este sentido, la certificaci\u00f3n energ\u00e9tica califica energ\u00e9ticamente un inmueble calculando el consumo anual de energ\u00eda necesario para satisfacer la demanda energ\u00e9tica de un edificio en condiciones normales de ocupaci\u00f3n y funcionamiento. (incluye la producci\u00f3n de agua caliente, calefacci\u00f3n, iluminaci\u00f3n, refrigeraci\u00f3n y ventilaci\u00f3n). El proceso de certificaci\u00f3n energ\u00e9tica concluye con la emisi\u00f3n de un certificado de eficiencia energ\u00e9tica y la asignaci\u00f3n de una etiqueta energ\u00e9tica. La escala de calificaci\u00f3n energ\u00e9tica es de siete letras y var\u00eda entre las letras A (edificio m\u00e1s eficiente energ\u00e9ticamente) y G (edificio menos eficiente energ\u00e9ticamente). La etiqueta energ\u00e9tica expresa la calificaci\u00f3n energ\u00e9tica de un edificio otorgando una de estas letras. Este certificado resulta obligatorio, salvo excepciones, para el propietario de cualquier parte individual de un edificio existente (viviendas, oficinas o locales) objeto de una operaci\u00f3n de compraventa o de alquiler.<\/p><\/div><\/div><\/div><\/div><\/div><\/div><\/div><div class=\"vce-row-container\"><div class=\"vce-row vce-row--col-gap-30 vce-row-columns--top vce-row-content--top\" id=\"el-d8687b8f\" data-vce-do-apply=\"all el-d8687b8f\"><div class=\"vce-row-content\" data-vce-element-content=\"true\"><div class=\"vce-col vce-col--md-100p vce-col--xs-1 vce-col--xs-last vce-col--xs-first vce-col--sm-last vce-col--sm-first vce-col--md-last vce-col--lg-last vce-col--xl-last vce-col--md-first vce-col--lg-first vce-col--xl-first\" id=\"el-c57ea19b\" data-vce-do-apply=\"background border el-c57ea19b\"><div class=\"vce-col-inner\" data-vce-element-content=\"true\" data-vce-do-apply=\"padding margin  el-c57ea19b\"><div class=\"vce vce-separator-container vce-separator--align-center vce-separator--style-solid\" id=\"el-c2968864\" data-vce-do-apply=\"margin el-c2968864\"><div class=\"vce-separator vce-separator--color-bfc0c1 vce-separator--width-60 vce-separator--thickness-1\" data-vce-do-apply=\"border padding background  el-c2968864\"><\/div><\/div><\/div><\/div><\/div><\/div><\/div><div class=\"vce-row-container\"><div class=\"vce-row vce-row--col-gap-30 vce-row-columns--top vce-row-content--top\" id=\"el-32d27dec\" data-vce-do-apply=\"all el-32d27dec\"><div class=\"vce-row-content\" data-vce-element-content=\"true\"><div class=\"vce-col vce-col--md-100p vce-col--xs-1 vce-col--xs-last vce-col--xs-first vce-col--sm-last vce-col--sm-first vce-col--md-last vce-col--lg-last vce-col--xl-last vce-col--md-first vce-col--lg-first vce-col--xl-first\" id=\"el-c1fd79e2\" data-vce-do-apply=\"background border el-c1fd79e2\"><div class=\"vce-col-inner\" data-vce-element-content=\"true\" data-vce-do-apply=\"padding margin  el-c1fd79e2\"><div class=\"vce-text-block\"><div class=\"vce-text-block-wrapper vce\" id=\"el-de1b4fa1\" data-vce-do-apply=\"all el-de1b4fa1\"><h2>QUE CONTIENE EL CERTIFICADO DE EFICIENCIA ENERG\u00c9TICA?<\/h2>\n<p align=\"justify\">Todo certificado de eficiencia energ\u00e9tica tendr\u00e1 como m\u00ednimo:<\/p>\n<p align=\"justify\">&nbsp;1.- Identificaci\u00f3n del edificio o, si es el caso, de la parte del mismo que se certifica<\/p>\n<p align=\"justify\">&nbsp;2.- Identificaci\u00f3n del procedimiento escogido para la obtenci\u00f3n de la calificaci\u00f3n energ\u00e9tica de un edificio (opci\u00f3n general, programa inform\u00e1tico, o opci\u00f3n simplificada) indicando la siguiente informaci\u00f3n:<\/p>\nDescripci\u00f3n de las caracter\u00edsticas energ\u00e9ticas del edificio, envolvente t\u00e9rmica, condiciones normales de funcionamiento y ocupaci\u00f3n, instalaciones y otros datos utilizados para obtener la calificaci\u00f3n energ\u00e9tica del edificio.\nIdentificaci\u00f3n de la normativa sobre el ahorro y eficiencia energ\u00e9tica que le era de aplicaci\u00f3n en el momento de construcci\u00f3n (si existiera)\nDescripci\u00f3n de las comprobaciones, pruebas e inspecciones llevadas a cabo por el t\u00e9cnico certificador, durante la fase de calificaci\u00f3n energ\u00e9tica con la finalidad de estableces la conformidad de la informaci\u00f3n contenida en el certificado energ\u00e9tico\n<p align=\"justify\">3.- Calificaci\u00f3n de la eficiencia energ\u00e9tica del edificio expresada mediante la etiqueta energ\u00e9tica<\/p>\n<p align=\"justify\">&nbsp;4.- Documento que recoja las medidas recomendadas por el t\u00e9cnico certificador, clasificadas seg\u00fan su viabilidad t\u00e9cnica, funcional y econ\u00f3mica, as\u00ed como por su repercusi\u00f3n energ\u00e9tica, que permitan , en el caso de que el propietario del edificio decida acometer voluntariamente esas medidas, que la calificaci\u00f3n energ\u00e9tica mejore como m\u00ednimo un nivel en la escala de calificaci\u00f3n energ\u00e9tica<span style=\"background-color: transparent;\">.<\/span><\/p><\/div><\/div><div class=\"vce vce-separator-container vce-separator--align-center vce-separator--style-solid\" id=\"el-907402f2\" data-vce-do-apply=\"margin el-907402f2\"><div class=\"vce-separator vce-separator--color-bfc0c1 vce-separator--width-60 vce-separator--thickness-1\" data-vce-do-apply=\"border padding background  el-907402f2\"><\/div><\/div><\/div><\/div><\/div><\/div><\/div><div class=\"vce-row-container\"><div class=\"vce-row vce-row--col-gap-30 vce-row-columns--top vce-row-content--top\" id=\"el-d52725af\" data-vce-do-apply=\"all el-d52725af\"><div class=\"vce-row-content\" data-vce-element-content=\"true\"><div class=\"vce-col vce-col--md-100p vce-col--xs-1 vce-col--xs-last vce-col--xs-first vce-col--sm-last vce-col--sm-first vce-col--md-last vce-col--lg-last vce-col--xl-last vce-col--md-first vce-col--lg-first vce-col--xl-first\" id=\"el-9a5b2e68\" data-vce-do-apply=\"background border el-9a5b2e68\"><div class=\"vce-col-inner\" data-vce-element-content=\"true\" data-vce-do-apply=\"padding margin  el-9a5b2e68\"><div class=\"vce-text-block\"><div class=\"vce-text-block-wrapper vce\" id=\"el-81daecf3\" data-vce-do-apply=\"all el-81daecf3\"><h2>POR QU\u00c9 NECESITO EL CERTIFICADO ENERG\u00c9TICO?<\/h2>\n<p align=\"justify\">Desde el punto de visto normativo, la norma actual exige que todos los edificios existentes, cuando se vendan o se arrienden, dispongan de un certificado de eficiencia energ\u00e9tica. Por ello, resulta obligatorio disponer de dicho certificado (el notario te lo pedir\u00e1) antes de proceder a realizar la venta o contrato de arrendamiento correspondiente.<\/p>\nDesde el punto de vista del propietario del inmueble, el certificado energ\u00e9tico le informar\u00e1 de lo eficiente que es un edificio (o parte de \u00e9ste) aportando una variable m\u00e1s a tener en cuenta en toda operaci\u00f3n de compraventa del edificio o parte de \u00e9ste. El certificado le aportar\u00e1 una ventaja o desventaja comparativa respecto al resto de sus competidores<span style=\"background-color: transparent;\">.<\/span><\/div><\/div><div class=\"vce vce-separator-container vce-separator--align-center vce-separator--style-solid\" id=\"el-7042b524\" data-vce-do-apply=\"margin el-7042b524\"><div class=\"vce-separator vce-separator--color-bfc0c1 vce-separator--width-60 vce-separator--thickness-1\" data-vce-do-apply=\"border padding background  el-7042b524\"><\/div><\/div><\/div><\/div><\/div><\/div><\/div><div class=\"vce-row-container\"><div class=\"vce-row vce-row--col-gap-30 vce-row-columns--top vce-row-content--top\" id=\"el-dcf5bd3a\" data-vce-do-apply=\"all el-dcf5bd3a\"><div class=\"vce-row-content\" data-vce-element-content=\"true\"><div class=\"vce-col vce-col--md-100p vce-col--xs-1 vce-col--xs-last vce-col--xs-first vce-col--sm-last vce-col--sm-first vce-col--md-last vce-col--lg-last vce-col--xl-last vce-col--md-first vce-col--lg-first vce-col--xl-first\" id=\"el-0149bdce\" data-vce-do-apply=\"background border el-0149bdce\"><div class=\"vce-col-inner\" data-vce-element-content=\"true\" data-vce-do-apply=\"padding margin  el-0149bdce\"><div class=\"vce-text-block\"><div class=\"vce-text-block-wrapper vce\" id=\"el-d3dd10cf\" data-vce-do-apply=\"all el-d3dd10cf\"><h2>como conseguir el certificado energ\u00e9tico?<\/h2>\n<p align=\"justify\">Para conseguir el certificado de eficiencia energ\u00e9tica o certificado energ\u00e9tico solo deber\u00e1 mandarnos un correo con el asunto \"Certificado energ\u00e9tico\" y nos pondremos en contacto con la mayor brevedad posible\n<span style=\"background-color: transparent;\">.<\/span><\/p><\/div><\/div><div class=\"vce vce-separator-container vce-separator--align-center vce-separator--style-solid\" id=\"el-f02b0839\" data-vce-do-apply=\"margin el-f02b0839\"><div class=\"vce-separator vce-separator--color-bfc0c1 vce-separator--width-60 vce-separator--thickness-1\" data-vce-do-apply=\"border padding background  el-f02b0839\"><\/div><\/div><\/div><\/div><\/div><\/div><\/div><div class=\"vce-row-container\"><div class=\"vce-row vce-row--col-gap-30 vce-row-columns--top vce-row-content--top\" id=\"el-9b3dcdf0\" data-vce-do-apply=\"all el-9b3dcdf0\"><div class=\"vce-row-content\" data-vce-element-content=\"true\"><div class=\"vce-col vce-col--md-100p vce-col--xs-1 vce-col--xs-last vce-col--xs-first vce-col--sm-last vce-col--sm-first vce-col--md-last vce-col--lg-last vce-col--xl-last vce-col--md-first vce-col--lg-first vce-col--xl-first\" id=\"el-f8287f87\" data-vce-do-apply=\"background border el-f8287f87\"><div class=\"vce-col-inner\" data-vce-element-content=\"true\" data-vce-do-apply=\"padding margin  el-f8287f87\"><div class=\"vce-button--style-outline-container vce-button--style-outline-container--align-center\"><span class=\"vce-button--style-outline-wrapper vce\" id=\"el-e853455d\" data-vce-do-apply=\"margin el-e853455d\"><a class=\"vce-button--style-outline-animated vce-button--style-outline--border-rounded vce-button--style-outline--size-large vce-button--style-outline-animated--color-b-0-0-0--b-170-170-170--3d3d3d vce-button--style-outline-animated--border-color-b-125-125-125--3d3d3d vce-button--style-outline-animated--background-color-3d3d3d vce-button--style-outline-animated--background-color-do-background-color\" href=\"http:\/\/www.energiacreativa.archi\/?page_id=5063\" title=\"\" data-vce-do-apply=\"padding border background  el-e853455d\"><span class=\"vce-button--style-outline-text\">CONTACTAR<\/span><\/a><\/span><\/div><\/div><\/div><\/div><\/div><\/div>\n","protected":false},"excerpt":{"rendered":"<p>&#8230;<\/p>\n","protected":false},"author":1,"featured_media":0,"parent":0,"menu_order":0,"comment_status":"closed","ping_status":"closed","template":"","meta":[],"_links":{"self":[{"href":"https:\/\/www.energiacreativa.archi\/index.php?rest_route=\/wp\/v2\/pages\/24147"}],"collection":[{"href":"https:\/\/www.energiacreativa.archi\/index.php?rest_route=\/wp\/v2\/pages"}],"about":[{"href":"https:\/\/www.energiacreativa.archi\/index.php?rest_route=\/wp\/v2\/types\/page"}],"author":[{"embeddable":true,"href":"https:\/\/www.energiacreativa.archi\/index.php?rest_route=\/wp\/v2\/users\/1"}],"replies":[{"embeddable":true,"href":"https:\/\/www.energiacreativa.archi\/index.php?rest_route=%2Fwp%2Fv2%2Fcomments&post=24147"}],"version-history":[{"count":4,"href":"https:\/\/www.energiacreativa.archi\/index.php?rest_route=\/wp\/v2\/pages\/24147\/revisions"}],"predecessor-version":[{"id":24152,"href":"https:\/\/www.energiacreativa.archi\/index.php?rest_route=\/wp\/v2\/pages\/24147\/revisions\/24152"}],"wp:attachment":[{"href":"https:\/\/www.energiacreativa.archi\/index.php?rest_route=%2Fwp%2Fv2%2Fmedia&parent=24147"}],"curies":[{"name":"wp","href":"https:\/\/api.w.org\/{rel}","templated":true}]}}