{"id":24038,"date":"2019-01-27T12:57:19","date_gmt":"2019-01-27T12:57:19","guid":{"rendered":"http:\/\/www.energiacreativa.archi\/?page_id=24038"},"modified":"2019-04-16T15:38:40","modified_gmt":"2019-04-16T15:38:40","slug":"architecture-2-2-2-2","status":"publish","type":"page","link":"https:\/\/www.energiacreativa.archi\/?page_id=24038","title":{"rendered":""},"content":{"rendered":"<div class=\"vce-row-container\"><div class=\"vce-row vce-row--col-gap-30 vce-row-columns--top vce-row-content--top\" id=\"el-96eae376\" data-vce-do-apply=\"all el-96eae376\"><div class=\"vce-row-content\" data-vce-element-content=\"true\"><div class=\"vce-col vce-col--md-100p vce-col--xs-1 vce-col--xs-last vce-col--xs-first vce-col--sm-last vce-col--sm-first vce-col--md-last vce-col--lg-last vce-col--xl-last vce-col--md-first vce-col--lg-first vce-col--xl-first\" id=\"el-bf5c887b\" data-vce-do-apply=\"background border el-bf5c887b\"><div class=\"vce-content-background-container\"><div class=\"vce-asset-parallax-container vce-visible-all-only\" data-vce-assets-parallax-mouse-move=\".vce-asset-parallax\" data-vce-assets-parallax-mouse-move-element=\"bf5c887b\"><div class=\"vce-asset-parallax vce-asset-parallax-mouse-move\" style=\"left: -30vw; top: -30vh; right: -30vw; bottom: -30vh; transform: translate(558px, -281.4px);\"><\/div><\/div><\/div><div class=\"vce-col-inner\" data-vce-element-content=\"true\" data-vce-do-apply=\"padding margin  el-bf5c887b\"><div class=\"vce-text-block\"><div class=\"vce-text-block-wrapper vce\" id=\"el-d71e03f8\" data-vce-do-apply=\"all el-d71e03f8\">[vc_row bg_type=\"theme_default\" css=\".vc_custom_1414159959868{margin-top: 100px !important;}\"][vc_column]<div class=\"aio-icon-component    style_1\"><div id=\"Info-box-wrap-3049\" class=\"aio-icon-box top-icon\" style=\"\"  ><div class=\"aio-icon-top\"><div class=\"ult-just-icon-wrapper  \"><div class=\"align-icon\" style=\"text-align:center;\">\n<div class=\"aio-icon none \"  style=\"color:#c9c9c9;font-size:30px;display:inline-block;\">\n\t<i class=\"icomoon-uniF749\"><\/i>\n<\/div><\/div><\/div><\/div><\/div> <!-- aio-icon-box --><\/div> <!-- aio-icon-component -->\n<h1 style=\"text-align: center; font-family: 'Raleway', sans-serif; font-weight: 300; font-size: 48px; color: #252525; margin-top: -7px;\"><span style=\"color: #d8a2a0;\">Reforma de cocina y terraza<\/span><\/h1>\n\n<hr class=\"divider horizontal-break\" style=\"background: rgba(209,209,209,0.7); margin-top: 10px; margin-bottom: 15px;\">\n<p style=\"text-align: center; font-weight: 300; font-size: 18px; font-family: Roboto; color: #6b6b6b;\"><span style=\"color: #d8a2a0;\">La vivienda dispon\u00eda de dimensiones m\u00ednimas y la terraza estaba bastante desaprovechada debido a la\ndistribuci\u00f3n de la misma. Adem\u00e1s, dispon\u00eda de una cocina muy peque\u00f1a y disfuncional. La propuesta ha\nradicado en abrir al m\u00e1ximo la cocina al espacio de sal\u00f3n-comedor y de dise\u00f1ar un mobiliario que pudiera\nesconder los elementos de esta cocina, en el caso que se tuviera visita. El predominio del blanco para\ndarle luminosidad y la colocaci\u00f3n de una barra que sirviera a la vez como mesa de comedor ha hecho de\neste espacio un lugar importante dentro de la vida en el \u00e1tico, esto unido a la elecci\u00f3n de los muebles\nid\u00f3neos para el espacio. La intervenci\u00f3n de la terraza consisti\u00f3 en distribuir los espacios acorde a los\nmuebles que dispon\u00eda. Adem\u00e1s, se impermeabiliz\u00f3 de nuevo la base y se dispuso un pavimento de gran\nformato para dar la sensaci\u00f3n de ampliaci\u00f3n del espacio. Espacio lleno de encanto y funcionalidad la\nm\u00e1xima de este proyecto.&nbsp;<\/span><\/p><\/div><\/div><div class=\"vce-image-masonry-gallery\"><div class=\"vce-image-masonry-gallery-wrapper vce vce-image-masonry-gallery--gap-10 vce-image-masonry-gallery--columns-3\" id=\"el-c0afb0e8\" data-vce-do-apply=\"all el-c0afb0e8\"><div class=\"vce-image-masonry-gallery-list\"><div class=\"vce-image-masonry-gallery-column\"><a href=\"https:\/\/www.energiacreativa.archi\/wp-content\/uploads\/2019\/01\/IMG_9744.jpg\" data-lightbox=\"lightbox-c0afb0e8\" class=\"vce-image-masonry-gallery-item\"><img class=\"vce-image-masonry-gallery-img\" src=\"https:\/\/www.energiacreativa.archi\/wp-content\/uploads\/2019\/01\/IMG_9744.jpg\" alt=\"\"><\/a><\/div><div class=\"vce-image-masonry-gallery-column\"><a href=\"https:\/\/www.energiacreativa.archi\/wp-content\/uploads\/2019\/01\/IMG_9745.jpg\" data-lightbox=\"lightbox-c0afb0e8\" class=\"vce-image-masonry-gallery-item\"><img class=\"vce-image-masonry-gallery-img\" src=\"https:\/\/www.energiacreativa.archi\/wp-content\/uploads\/2019\/01\/IMG_9745.jpg\" alt=\"\"><\/a><\/div><div class=\"vce-image-masonry-gallery-column\"><a href=\"https:\/\/www.energiacreativa.archi\/wp-content\/uploads\/2019\/01\/IMG_9746.jpg\" data-lightbox=\"lightbox-c0afb0e8\" class=\"vce-image-masonry-gallery-item\"><img class=\"vce-image-masonry-gallery-img\" src=\"https:\/\/www.energiacreativa.archi\/wp-content\/uploads\/2019\/01\/IMG_9746.jpg\" alt=\"\"><\/a><\/div><\/div><\/div><\/div><\/div><\/div><\/div><\/div><\/div>\n","protected":false},"excerpt":{"rendered":"<p>&#8230;<\/p>\n","protected":false},"author":1,"featured_media":23911,"parent":0,"menu_order":0,"comment_status":"closed","ping_status":"closed","template":"","meta":[],"_links":{"self":[{"href":"https:\/\/www.energiacreativa.archi\/index.php?rest_route=\/wp\/v2\/pages\/24038"}],"collection":[{"href":"https:\/\/www.energiacreativa.archi\/index.php?rest_route=\/wp\/v2\/pages"}],"about":[{"href":"https:\/\/www.energiacreativa.archi\/index.php?rest_route=\/wp\/v2\/types\/page"}],"author":[{"embeddable":true,"href":"https:\/\/www.energiacreativa.archi\/index.php?rest_route=\/wp\/v2\/users\/1"}],"replies":[{"embeddable":true,"href":"https:\/\/www.energiacreativa.archi\/index.php?rest_route=%2Fwp%2Fv2%2Fcomments&post=24038"}],"version-history":[{"count":3,"href":"https:\/\/www.energiacreativa.archi\/index.php?rest_route=\/wp\/v2\/pages\/24038\/revisions"}],"predecessor-version":[{"id":24054,"href":"https:\/\/www.energiacreativa.archi\/index.php?rest_route=\/wp\/v2\/pages\/24038\/revisions\/24054"}],"wp:featuredmedia":[{"embeddable":true,"href":"https:\/\/www.energiacreativa.archi\/index.php?rest_route=\/wp\/v2\/media\/23911"}],"wp:attachment":[{"href":"https:\/\/www.energiacreativa.archi\/index.php?rest_route=%2Fwp%2Fv2%2Fmedia&parent=24038"}],"curies":[{"name":"wp","href":"https:\/\/api.w.org\/{rel}","templated":true}]}}