{"id":24027,"date":"2019-01-27T12:31:10","date_gmt":"2019-01-27T12:31:10","guid":{"rendered":"http:\/\/www.energiacreativa.archi\/?page_id=24027"},"modified":"2019-04-16T15:39:25","modified_gmt":"2019-04-16T15:39:25","slug":"architecture-2-2-2","status":"publish","type":"page","link":"https:\/\/www.energiacreativa.archi\/?page_id=24027","title":{"rendered":""},"content":{"rendered":"<div class=\"vce-row-container\"><div class=\"vce-row vce-row--col-gap-30 vce-row-columns--top vce-row-content--top\" id=\"el-96eae376\" data-vce-do-apply=\"all el-96eae376\"><div class=\"vce-row-content\" data-vce-element-content=\"true\"><div class=\"vce-col vce-col--md-100p vce-col--xs-1 vce-col--xs-last vce-col--xs-first vce-col--sm-last vce-col--sm-first vce-col--md-last vce-col--lg-last vce-col--xl-last vce-col--md-first vce-col--lg-first vce-col--xl-first\" id=\"el-bf5c887b\" data-vce-do-apply=\"background border el-bf5c887b\"><div class=\"vce-content-background-container\"><div class=\"vce-asset-parallax-container vce-visible-all-only\" data-vce-assets-parallax-mouse-move=\".vce-asset-parallax\" data-vce-assets-parallax-mouse-move-element=\"bf5c887b\"><div class=\"vce-asset-parallax vce-asset-parallax-mouse-move\" style=\"left: -30vw; top: -30vh; right: -30vw; bottom: -30vh; transform: translate(558px, 281.4px);\"><\/div><\/div><\/div><div class=\"vce-col-inner\" data-vce-element-content=\"true\" data-vce-do-apply=\"padding margin  el-bf5c887b\"><div class=\"vce-text-block\"><div class=\"vce-text-block-wrapper vce\" id=\"el-d71e03f8\" data-vce-do-apply=\"all el-d71e03f8\">[vc_row bg_type=\"theme_default\" css=\".vc_custom_1414159959868{margin-top: 100px !important;}\"][vc_column]<div class=\"aio-icon-component    style_1\"><div id=\"Info-box-wrap-6319\" class=\"aio-icon-box top-icon\" style=\"\"  ><div class=\"aio-icon-top\"><div class=\"ult-just-icon-wrapper  \"><div class=\"align-icon\" style=\"text-align:center;\">\n<div class=\"aio-icon none \"  style=\"color:#c9c9c9;font-size:30px;display:inline-block;\">\n\t<i class=\"icomoon-uniF749\"><\/i>\n<\/div><\/div><\/div><\/div><\/div> <!-- aio-icon-box --><\/div> <!-- aio-icon-component -->\n<h1 style=\"text-align: center; font-family: 'Raleway', sans-serif; font-weight: 300; font-size: 48px; color: #252525; margin-top: -7px;\"><span style=\"color: #d8a2a0;\">Colegio maria auxiliadora<\/span><\/h1>\n\n<hr class=\"divider horizontal-break\" style=\"background: rgba(209,209,209,0.7); margin-top: 10px; margin-bottom: 15px;\">\n<p style=\"text-align: center; font-weight: 300; font-size: 18px; font-family: Roboto; color: #6b6b6b;\"><span style=\"color: #d8a2a0;\">Se trata de una rehabilitaci\u00f3n de las Aulas, Despachos, Ba\u00f1os y Sala de Usos M\u00faltiples. Se pretende\nadaptar en los espacios el concepto de Colegio 2.0: Se plasma una relaci\u00f3n clara alumno-profesor y se\ndota de calidad arquitect\u00f3nica los espacios de estudio y uso. Para conseguir este concepto, se ha buscado\nla comunicaci\u00f3n visual entre los diferentes espacios (biblioteca-salas de estudio; despachos-salas de\nreuniones; ba\u00f1os-zona de juegos\u2026), una iluminaci\u00f3n natural y una distribuci\u00f3n que incite a la actuaci\u00f3n y\ncomunicaci\u00f3n. Aunar una interacci\u00f3n entre [familia-alumno-personal del Colegio]. Un espacio visual\nabierto desde la recepci\u00f3n, donde tanto padres como alumnos pueden visualizar la zona administrativa del\ncentro como la zona de aulas de infantil. Un concepto abierto una educaci\u00f3n abierta una mente abierta.&nbsp;<\/span><\/p><\/div><\/div><div class=\"vce-image-masonry-gallery\"><div class=\"vce-image-masonry-gallery-wrapper vce vce-image-masonry-gallery--gap-10 vce-image-masonry-gallery--columns-3\" id=\"el-c0afb0e8\" data-vce-do-apply=\"all el-c0afb0e8\"><div class=\"vce-image-masonry-gallery-list\"><div class=\"vce-image-masonry-gallery-column\"><a href=\"https:\/\/www.energiacreativa.archi\/wp-content\/uploads\/2018\/08\/DSC_0005.jpg\" data-lightbox=\"lightbox-c0afb0e8\" class=\"vce-image-masonry-gallery-item\"><img class=\"vce-image-masonry-gallery-img\" src=\"https:\/\/www.energiacreativa.archi\/wp-content\/uploads\/2018\/08\/DSC_0005.jpg\" alt=\"\"><\/a><a href=\"https:\/\/www.energiacreativa.archi\/wp-content\/uploads\/2018\/08\/DSC_0009.jpg\" data-lightbox=\"lightbox-c0afb0e8\" class=\"vce-image-masonry-gallery-item\"><img class=\"vce-image-masonry-gallery-img\" src=\"https:\/\/www.energiacreativa.archi\/wp-content\/uploads\/2018\/08\/DSC_0009.jpg\" alt=\"\"><\/a><a href=\"https:\/\/www.energiacreativa.archi\/wp-content\/uploads\/2018\/08\/DSC_0027.jpg\" data-lightbox=\"lightbox-c0afb0e8\" class=\"vce-image-masonry-gallery-item\"><img class=\"vce-image-masonry-gallery-img\" src=\"https:\/\/www.energiacreativa.archi\/wp-content\/uploads\/2018\/08\/DSC_0027.jpg\" alt=\"\"><\/a><a href=\"https:\/\/www.energiacreativa.archi\/wp-content\/uploads\/2018\/08\/DSC_0043.jpg\" data-lightbox=\"lightbox-c0afb0e8\" class=\"vce-image-masonry-gallery-item\"><img class=\"vce-image-masonry-gallery-img\" src=\"https:\/\/www.energiacreativa.archi\/wp-content\/uploads\/2018\/08\/DSC_0043.jpg\" alt=\"\"><\/a><a href=\"https:\/\/www.energiacreativa.archi\/wp-content\/uploads\/2018\/08\/DSC_0048.jpg\" data-lightbox=\"lightbox-c0afb0e8\" class=\"vce-image-masonry-gallery-item\"><img class=\"vce-image-masonry-gallery-img\" src=\"https:\/\/www.energiacreativa.archi\/wp-content\/uploads\/2018\/08\/DSC_0048.jpg\" alt=\"\"><\/a><a href=\"https:\/\/www.energiacreativa.archi\/wp-content\/uploads\/2018\/08\/DSC_0064.jpg\" data-lightbox=\"lightbox-c0afb0e8\" class=\"vce-image-masonry-gallery-item\"><img class=\"vce-image-masonry-gallery-img\" src=\"https:\/\/www.energiacreativa.archi\/wp-content\/uploads\/2018\/08\/DSC_0064.jpg\" alt=\"\"><\/a><a href=\"https:\/\/www.energiacreativa.archi\/wp-content\/uploads\/2018\/08\/DSC_0079.jpg\" data-lightbox=\"lightbox-c0afb0e8\" class=\"vce-image-masonry-gallery-item\"><img class=\"vce-image-masonry-gallery-img\" src=\"https:\/\/www.energiacreativa.archi\/wp-content\/uploads\/2018\/08\/DSC_0079.jpg\" alt=\"\"><\/a><a href=\"https:\/\/www.energiacreativa.archi\/wp-content\/uploads\/2018\/08\/DSC_0150.jpg\" data-lightbox=\"lightbox-c0afb0e8\" class=\"vce-image-masonry-gallery-item\"><img class=\"vce-image-masonry-gallery-img\" src=\"https:\/\/www.energiacreativa.archi\/wp-content\/uploads\/2018\/08\/DSC_0150.jpg\" alt=\"\"><\/a><a href=\"https:\/\/www.energiacreativa.archi\/wp-content\/uploads\/2018\/08\/DSC_0156.jpg\" data-lightbox=\"lightbox-c0afb0e8\" class=\"vce-image-masonry-gallery-item\"><img class=\"vce-image-masonry-gallery-img\" src=\"https:\/\/www.energiacreativa.archi\/wp-content\/uploads\/2018\/08\/DSC_0156.jpg\" alt=\"\"><\/a><a href=\"https:\/\/www.energiacreativa.archi\/wp-content\/uploads\/2018\/08\/DSC_0103.jpg\" data-lightbox=\"lightbox-c0afb0e8\" class=\"vce-image-masonry-gallery-item\"><img class=\"vce-image-masonry-gallery-img\" src=\"https:\/\/www.energiacreativa.archi\/wp-content\/uploads\/2018\/08\/DSC_0103.jpg\" alt=\"\"><\/a><a href=\"https:\/\/www.energiacreativa.archi\/wp-content\/uploads\/2018\/08\/DSC_0134-1.jpg\" data-lightbox=\"lightbox-c0afb0e8\" class=\"vce-image-masonry-gallery-item\"><img class=\"vce-image-masonry-gallery-img\" src=\"https:\/\/www.energiacreativa.archi\/wp-content\/uploads\/2018\/08\/DSC_0134-1.jpg\" alt=\"\"><\/a><a href=\"https:\/\/www.energiacreativa.archi\/wp-content\/uploads\/2018\/08\/DSC_0112.jpg\" data-lightbox=\"lightbox-c0afb0e8\" class=\"vce-image-masonry-gallery-item\"><img class=\"vce-image-masonry-gallery-img\" src=\"https:\/\/www.energiacreativa.archi\/wp-content\/uploads\/2018\/08\/DSC_0112.jpg\" alt=\"\"><\/a><a href=\"https:\/\/www.energiacreativa.archi\/wp-content\/uploads\/2018\/08\/DSC_0109.jpg\" data-lightbox=\"lightbox-c0afb0e8\" class=\"vce-image-masonry-gallery-item\"><img class=\"vce-image-masonry-gallery-img\" src=\"https:\/\/www.energiacreativa.archi\/wp-content\/uploads\/2018\/08\/DSC_0109.jpg\" alt=\"\"><\/a><a href=\"https:\/\/www.energiacreativa.archi\/wp-content\/uploads\/2018\/08\/DSC_0105.jpg\" data-lightbox=\"lightbox-c0afb0e8\" class=\"vce-image-masonry-gallery-item\"><img class=\"vce-image-masonry-gallery-img\" src=\"https:\/\/www.energiacreativa.archi\/wp-content\/uploads\/2018\/08\/DSC_0105.jpg\" alt=\"\"><\/a><a href=\"https:\/\/www.energiacreativa.archi\/wp-content\/uploads\/2018\/08\/DSC_0139.jpg\" data-lightbox=\"lightbox-c0afb0e8\" class=\"vce-image-masonry-gallery-item\"><img class=\"vce-image-masonry-gallery-img\" src=\"https:\/\/www.energiacreativa.archi\/wp-content\/uploads\/2018\/08\/DSC_0139.jpg\" alt=\"\"><\/a><a href=\"https:\/\/www.energiacreativa.archi\/wp-content\/uploads\/2018\/08\/DSC_0143.jpg\" data-lightbox=\"lightbox-c0afb0e8\" class=\"vce-image-masonry-gallery-item\"><img class=\"vce-image-masonry-gallery-img\" src=\"https:\/\/www.energiacreativa.archi\/wp-content\/uploads\/2018\/08\/DSC_0143.jpg\" alt=\"\"><\/a><a href=\"https:\/\/www.energiacreativa.archi\/wp-content\/uploads\/2018\/08\/DSC_0170.jpg\" data-lightbox=\"lightbox-c0afb0e8\" class=\"vce-image-masonry-gallery-item\"><img class=\"vce-image-masonry-gallery-img\" src=\"https:\/\/www.energiacreativa.archi\/wp-content\/uploads\/2018\/08\/DSC_0170.jpg\" alt=\"\"><\/a><a href=\"https:\/\/www.energiacreativa.archi\/wp-content\/uploads\/2018\/08\/DSC_0179.jpg\" data-lightbox=\"lightbox-c0afb0e8\" class=\"vce-image-masonry-gallery-item\"><img class=\"vce-image-masonry-gallery-img\" src=\"https:\/\/www.energiacreativa.archi\/wp-content\/uploads\/2018\/08\/DSC_0179.jpg\" alt=\"\"><\/a><a href=\"https:\/\/www.energiacreativa.archi\/wp-content\/uploads\/2018\/08\/DSC_0187.jpg\" data-lightbox=\"lightbox-c0afb0e8\" class=\"vce-image-masonry-gallery-item\"><img class=\"vce-image-masonry-gallery-img\" src=\"https:\/\/www.energiacreativa.archi\/wp-content\/uploads\/2018\/08\/DSC_0187.jpg\" alt=\"\"><\/a><a href=\"https:\/\/www.energiacreativa.archi\/wp-content\/uploads\/2018\/08\/DSC_0192.jpg\" data-lightbox=\"lightbox-c0afb0e8\" class=\"vce-image-masonry-gallery-item\"><img class=\"vce-image-masonry-gallery-img\" src=\"https:\/\/www.energiacreativa.archi\/wp-content\/uploads\/2018\/08\/DSC_0192.jpg\" alt=\"\"><\/a><a href=\"https:\/\/www.energiacreativa.archi\/wp-content\/uploads\/2018\/08\/DSC_0194.jpg\" data-lightbox=\"lightbox-c0afb0e8\" class=\"vce-image-masonry-gallery-item\"><img class=\"vce-image-masonry-gallery-img\" src=\"https:\/\/www.energiacreativa.archi\/wp-content\/uploads\/2018\/08\/DSC_0194.jpg\" alt=\"\"><\/a><a href=\"https:\/\/www.energiacreativa.archi\/wp-content\/uploads\/2018\/08\/DSC_0199.jpg\" data-lightbox=\"lightbox-c0afb0e8\" class=\"vce-image-masonry-gallery-item\"><img class=\"vce-image-masonry-gallery-img\" src=\"https:\/\/www.energiacreativa.archi\/wp-content\/uploads\/2018\/08\/DSC_0199.jpg\" alt=\"\"><\/a><\/div><div class=\"vce-image-masonry-gallery-column\"><a href=\"https:\/\/www.energiacreativa.archi\/wp-content\/uploads\/2018\/08\/DSC_0008.jpg\" data-lightbox=\"lightbox-c0afb0e8\" class=\"vce-image-masonry-gallery-item\"><img class=\"vce-image-masonry-gallery-img\" src=\"https:\/\/www.energiacreativa.archi\/wp-content\/uploads\/2018\/08\/DSC_0008.jpg\" alt=\"\"><\/a><a href=\"https:\/\/www.energiacreativa.archi\/wp-content\/uploads\/2018\/08\/DSC_0010.jpg\" data-lightbox=\"lightbox-c0afb0e8\" class=\"vce-image-masonry-gallery-item\"><img class=\"vce-image-masonry-gallery-img\" src=\"https:\/\/www.energiacreativa.archi\/wp-content\/uploads\/2018\/08\/DSC_0010.jpg\" alt=\"\"><\/a><a href=\"https:\/\/www.energiacreativa.archi\/wp-content\/uploads\/2018\/08\/DSC_0038.jpg\" data-lightbox=\"lightbox-c0afb0e8\" class=\"vce-image-masonry-gallery-item\"><img class=\"vce-image-masonry-gallery-img\" src=\"https:\/\/www.energiacreativa.archi\/wp-content\/uploads\/2018\/08\/DSC_0038.jpg\" alt=\"\"><\/a><a href=\"https:\/\/www.energiacreativa.archi\/wp-content\/uploads\/2018\/08\/DSC_0054.jpg\" data-lightbox=\"lightbox-c0afb0e8\" class=\"vce-image-masonry-gallery-item\"><img class=\"vce-image-masonry-gallery-img\" src=\"https:\/\/www.energiacreativa.archi\/wp-content\/uploads\/2018\/08\/DSC_0054.jpg\" alt=\"\"><\/a><a href=\"https:\/\/www.energiacreativa.archi\/wp-content\/uploads\/2018\/08\/DSC_0074.jpg\" data-lightbox=\"lightbox-c0afb0e8\" class=\"vce-image-masonry-gallery-item\"><img class=\"vce-image-masonry-gallery-img\" src=\"https:\/\/www.energiacreativa.archi\/wp-content\/uploads\/2018\/08\/DSC_0074.jpg\" alt=\"\"><\/a><a href=\"https:\/\/www.energiacreativa.archi\/wp-content\/uploads\/2018\/08\/DSC_0021.jpg\" data-lightbox=\"lightbox-c0afb0e8\" class=\"vce-image-masonry-gallery-item\"><img class=\"vce-image-masonry-gallery-img\" src=\"https:\/\/www.energiacreativa.archi\/wp-content\/uploads\/2018\/08\/DSC_0021.jpg\" alt=\"\"><\/a><a href=\"https:\/\/www.energiacreativa.archi\/wp-content\/uploads\/2018\/08\/DSC_0123.jpg\" data-lightbox=\"lightbox-c0afb0e8\" class=\"vce-image-masonry-gallery-item\"><img class=\"vce-image-masonry-gallery-img\" src=\"https:\/\/www.energiacreativa.archi\/wp-content\/uploads\/2018\/08\/DSC_0123.jpg\" alt=\"\"><\/a><a href=\"https:\/\/www.energiacreativa.archi\/wp-content\/uploads\/2018\/08\/DSC_0119.jpg\" data-lightbox=\"lightbox-c0afb0e8\" class=\"vce-image-masonry-gallery-item\"><img class=\"vce-image-masonry-gallery-img\" src=\"https:\/\/www.energiacreativa.archi\/wp-content\/uploads\/2018\/08\/DSC_0119.jpg\" alt=\"\"><\/a><a href=\"https:\/\/www.energiacreativa.archi\/wp-content\/uploads\/2018\/08\/DSC_0108.jpg\" data-lightbox=\"lightbox-c0afb0e8\" class=\"vce-image-masonry-gallery-item\"><img class=\"vce-image-masonry-gallery-img\" src=\"https:\/\/www.energiacreativa.archi\/wp-content\/uploads\/2018\/08\/DSC_0108.jpg\" alt=\"\"><\/a><a href=\"https:\/\/www.energiacreativa.archi\/wp-content\/uploads\/2018\/08\/DSC_0138.jpg\" data-lightbox=\"lightbox-c0afb0e8\" class=\"vce-image-masonry-gallery-item\"><img class=\"vce-image-masonry-gallery-img\" src=\"https:\/\/www.energiacreativa.archi\/wp-content\/uploads\/2018\/08\/DSC_0138.jpg\" alt=\"\"><\/a><a href=\"https:\/\/www.energiacreativa.archi\/wp-content\/uploads\/2018\/08\/DSC_0167.jpg\" data-lightbox=\"lightbox-c0afb0e8\" class=\"vce-image-masonry-gallery-item\"><img class=\"vce-image-masonry-gallery-img\" src=\"https:\/\/www.energiacreativa.archi\/wp-content\/uploads\/2018\/08\/DSC_0167.jpg\" alt=\"\"><\/a><a href=\"https:\/\/www.energiacreativa.archi\/wp-content\/uploads\/2018\/08\/DSC_0185.jpg\" data-lightbox=\"lightbox-c0afb0e8\" class=\"vce-image-masonry-gallery-item\"><img class=\"vce-image-masonry-gallery-img\" src=\"https:\/\/www.energiacreativa.archi\/wp-content\/uploads\/2018\/08\/DSC_0185.jpg\" alt=\"\"><\/a><a href=\"https:\/\/www.energiacreativa.archi\/wp-content\/uploads\/2018\/08\/DSC_0196.jpg\" data-lightbox=\"lightbox-c0afb0e8\" class=\"vce-image-masonry-gallery-item\"><img class=\"vce-image-masonry-gallery-img\" src=\"https:\/\/www.energiacreativa.archi\/wp-content\/uploads\/2018\/08\/DSC_0196.jpg\" alt=\"\"><\/a><a href=\"https:\/\/www.energiacreativa.archi\/wp-content\/uploads\/2018\/08\/DSC_0203.jpg\" data-lightbox=\"lightbox-c0afb0e8\" class=\"vce-image-masonry-gallery-item\"><img class=\"vce-image-masonry-gallery-img\" src=\"https:\/\/www.energiacreativa.archi\/wp-content\/uploads\/2018\/08\/DSC_0203.jpg\" alt=\"\"><\/a><\/div><div class=\"vce-image-masonry-gallery-column\"><a href=\"https:\/\/www.energiacreativa.archi\/wp-content\/uploads\/2018\/08\/DSC_0018.jpg\" data-lightbox=\"lightbox-c0afb0e8\" class=\"vce-image-masonry-gallery-item\"><img class=\"vce-image-masonry-gallery-img\" src=\"https:\/\/www.energiacreativa.archi\/wp-content\/uploads\/2018\/08\/DSC_0018.jpg\" alt=\"\"><\/a><a href=\"https:\/\/www.energiacreativa.archi\/wp-content\/uploads\/2018\/08\/DSC_0025.jpg\" data-lightbox=\"lightbox-c0afb0e8\" class=\"vce-image-masonry-gallery-item\"><img class=\"vce-image-masonry-gallery-img\" src=\"https:\/\/www.energiacreativa.archi\/wp-content\/uploads\/2018\/08\/DSC_0025.jpg\" alt=\"\"><\/a><a href=\"https:\/\/www.energiacreativa.archi\/wp-content\/uploads\/2018\/08\/DSC_0012.jpg\" data-lightbox=\"lightbox-c0afb0e8\" class=\"vce-image-masonry-gallery-item\"><img class=\"vce-image-masonry-gallery-img\" src=\"https:\/\/www.energiacreativa.archi\/wp-content\/uploads\/2018\/08\/DSC_0012.jpg\" alt=\"\"><\/a><a href=\"https:\/\/www.energiacreativa.archi\/wp-content\/uploads\/2018\/08\/DSC_0039.jpg\" data-lightbox=\"lightbox-c0afb0e8\" class=\"vce-image-masonry-gallery-item\"><img class=\"vce-image-masonry-gallery-img\" src=\"https:\/\/www.energiacreativa.archi\/wp-content\/uploads\/2018\/08\/DSC_0039.jpg\" alt=\"\"><\/a><a href=\"https:\/\/www.energiacreativa.archi\/wp-content\/uploads\/2018\/08\/DSC_0052.jpg\" data-lightbox=\"lightbox-c0afb0e8\" class=\"vce-image-masonry-gallery-item\"><img class=\"vce-image-masonry-gallery-img\" src=\"https:\/\/www.energiacreativa.archi\/wp-content\/uploads\/2018\/08\/DSC_0052.jpg\" alt=\"\"><\/a><a href=\"https:\/\/www.energiacreativa.archi\/wp-content\/uploads\/2018\/08\/DSC_0067.jpg\" data-lightbox=\"lightbox-c0afb0e8\" class=\"vce-image-masonry-gallery-item\"><img class=\"vce-image-masonry-gallery-img\" src=\"https:\/\/www.energiacreativa.archi\/wp-content\/uploads\/2018\/08\/DSC_0067.jpg\" alt=\"\"><\/a><a href=\"https:\/\/www.energiacreativa.archi\/wp-content\/uploads\/2018\/08\/DSC_0093.jpg\" data-lightbox=\"lightbox-c0afb0e8\" class=\"vce-image-masonry-gallery-item\"><img class=\"vce-image-masonry-gallery-img\" src=\"https:\/\/www.energiacreativa.archi\/wp-content\/uploads\/2018\/08\/DSC_0093.jpg\" alt=\"\"><\/a><a href=\"https:\/\/www.energiacreativa.archi\/wp-content\/uploads\/2018\/08\/DSC_0122.jpg\" data-lightbox=\"lightbox-c0afb0e8\" class=\"vce-image-masonry-gallery-item\"><img class=\"vce-image-masonry-gallery-img\" src=\"https:\/\/www.energiacreativa.archi\/wp-content\/uploads\/2018\/08\/DSC_0122.jpg\" alt=\"\"><\/a><a href=\"https:\/\/www.energiacreativa.archi\/wp-content\/uploads\/2018\/08\/DSC_0110.jpg\" data-lightbox=\"lightbox-c0afb0e8\" class=\"vce-image-masonry-gallery-item\"><img class=\"vce-image-masonry-gallery-img\" src=\"https:\/\/www.energiacreativa.archi\/wp-content\/uploads\/2018\/08\/DSC_0110.jpg\" alt=\"\"><\/a><a href=\"https:\/\/www.energiacreativa.archi\/wp-content\/uploads\/2018\/08\/DSC_0109-2.jpg\" data-lightbox=\"lightbox-c0afb0e8\" class=\"vce-image-masonry-gallery-item\"><img class=\"vce-image-masonry-gallery-img\" src=\"https:\/\/www.energiacreativa.archi\/wp-content\/uploads\/2018\/08\/DSC_0109-2.jpg\" alt=\"\"><\/a><a href=\"https:\/\/www.energiacreativa.archi\/wp-content\/uploads\/2018\/08\/DSC_0135.jpg\" data-lightbox=\"lightbox-c0afb0e8\" class=\"vce-image-masonry-gallery-item\"><img class=\"vce-image-masonry-gallery-img\" src=\"https:\/\/www.energiacreativa.archi\/wp-content\/uploads\/2018\/08\/DSC_0135.jpg\" alt=\"\"><\/a><a href=\"https:\/\/www.energiacreativa.archi\/wp-content\/uploads\/2018\/08\/DSC_0140.jpg\" data-lightbox=\"lightbox-c0afb0e8\" class=\"vce-image-masonry-gallery-item\"><img class=\"vce-image-masonry-gallery-img\" src=\"https:\/\/www.energiacreativa.archi\/wp-content\/uploads\/2018\/08\/DSC_0140.jpg\" alt=\"\"><\/a><a href=\"https:\/\/www.energiacreativa.archi\/wp-content\/uploads\/2018\/08\/DSC_0163.jpg\" data-lightbox=\"lightbox-c0afb0e8\" class=\"vce-image-masonry-gallery-item\"><img class=\"vce-image-masonry-gallery-img\" src=\"https:\/\/www.energiacreativa.archi\/wp-content\/uploads\/2018\/08\/DSC_0163.jpg\" alt=\"\"><\/a><a href=\"https:\/\/www.energiacreativa.archi\/wp-content\/uploads\/2018\/08\/DSC_0175.jpg\" data-lightbox=\"lightbox-c0afb0e8\" class=\"vce-image-masonry-gallery-item\"><img class=\"vce-image-masonry-gallery-img\" src=\"https:\/\/www.energiacreativa.archi\/wp-content\/uploads\/2018\/08\/DSC_0175.jpg\" alt=\"\"><\/a><a href=\"https:\/\/www.energiacreativa.archi\/wp-content\/uploads\/2018\/08\/DSC_0182.jpg\" data-lightbox=\"lightbox-c0afb0e8\" class=\"vce-image-masonry-gallery-item\"><img class=\"vce-image-masonry-gallery-img\" src=\"https:\/\/www.energiacreativa.archi\/wp-content\/uploads\/2018\/08\/DSC_0182.jpg\" alt=\"\"><\/a><a href=\"https:\/\/www.energiacreativa.archi\/wp-content\/uploads\/2018\/08\/DSC_0188.jpg\" data-lightbox=\"lightbox-c0afb0e8\" class=\"vce-image-masonry-gallery-item\"><img class=\"vce-image-masonry-gallery-img\" src=\"https:\/\/www.energiacreativa.archi\/wp-content\/uploads\/2018\/08\/DSC_0188.jpg\" alt=\"\"><\/a><a href=\"https:\/\/www.energiacreativa.archi\/wp-content\/uploads\/2018\/08\/DSC_0193.jpg\" data-lightbox=\"lightbox-c0afb0e8\" class=\"vce-image-masonry-gallery-item\"><img class=\"vce-image-masonry-gallery-img\" src=\"https:\/\/www.energiacreativa.archi\/wp-content\/uploads\/2018\/08\/DSC_0193.jpg\" alt=\"\"><\/a><a href=\"https:\/\/www.energiacreativa.archi\/wp-content\/uploads\/2018\/08\/DSC_0204.jpg\" data-lightbox=\"lightbox-c0afb0e8\" class=\"vce-image-masonry-gallery-item\"><img class=\"vce-image-masonry-gallery-img\" src=\"https:\/\/www.energiacreativa.archi\/wp-content\/uploads\/2018\/08\/DSC_0204.jpg\" alt=\"\"><\/a><\/div><\/div><\/div><\/div><\/div><\/div><\/div><\/div><\/div>\n","protected":false},"excerpt":{"rendered":"<p>&#8230;<\/p>\n","protected":false},"author":1,"featured_media":23926,"parent":0,"menu_order":0,"comment_status":"closed","ping_status":"closed","template":"","meta":[],"_links":{"self":[{"href":"https:\/\/www.energiacreativa.archi\/index.php?rest_route=\/wp\/v2\/pages\/24027"}],"collection":[{"href":"https:\/\/www.energiacreativa.archi\/index.php?rest_route=\/wp\/v2\/pages"}],"about":[{"href":"https:\/\/www.energiacreativa.archi\/index.php?rest_route=\/wp\/v2\/types\/page"}],"author":[{"embeddable":true,"href":"https:\/\/www.energiacreativa.archi\/index.php?rest_route=\/wp\/v2\/users\/1"}],"replies":[{"embeddable":true,"href":"https:\/\/www.energiacreativa.archi\/index.php?rest_route=%2Fwp%2Fv2%2Fcomments&post=24027"}],"version-history":[{"count":3,"href":"https:\/\/www.energiacreativa.archi\/index.php?rest_route=\/wp\/v2\/pages\/24027\/revisions"}],"predecessor-version":[{"id":24050,"href":"https:\/\/www.energiacreativa.archi\/index.php?rest_route=\/wp\/v2\/pages\/24027\/revisions\/24050"}],"wp:featuredmedia":[{"embeddable":true,"href":"https:\/\/www.energiacreativa.archi\/index.php?rest_route=\/wp\/v2\/media\/23926"}],"wp:attachment":[{"href":"https:\/\/www.energiacreativa.archi\/index.php?rest_route=%2Fwp%2Fv2%2Fmedia&parent=24027"}],"curies":[{"name":"wp","href":"https:\/\/api.w.org\/{rel}","templated":true}]}}