{"id":24006,"date":"2018-12-11T17:35:30","date_gmt":"2018-12-11T17:35:30","guid":{"rendered":"http:\/\/www.energiacreativa.archi\/?page_id=24006"},"modified":"2019-04-16T15:37:39","modified_gmt":"2019-04-16T15:37:39","slug":"architecture-2-2-3","status":"publish","type":"page","link":"https:\/\/www.energiacreativa.archi\/?page_id=24006","title":{"rendered":""},"content":{"rendered":"<div class=\"vce-row-container\"><div class=\"vce-row vce-row--col-gap-30 vce-row-columns--top vce-row-content--top\" id=\"el-96eae376\" data-vce-do-apply=\"all el-96eae376\"><div class=\"vce-row-content\" data-vce-element-content=\"true\"><div class=\"vce-col vce-col--md-100p vce-col--xs-1 vce-col--xs-last vce-col--xs-first vce-col--sm-last vce-col--sm-first vce-col--md-last vce-col--lg-last vce-col--xl-last vce-col--md-first vce-col--lg-first vce-col--xl-first\" id=\"el-bf5c887b\" data-vce-do-apply=\"background border el-bf5c887b\"><div class=\"vce-content-background-container\"><div class=\"vce-asset-parallax-container vce-visible-all-only\" data-vce-assets-parallax-mouse-move=\".vce-asset-parallax\" data-vce-assets-parallax-mouse-move-element=\"bf5c887b\"><div class=\"vce-asset-parallax vce-asset-parallax-mouse-move\" style=\"left: -30vw; top: -30vh; right: -30vw; bottom: -30vh; transform: translate(558px, -281.4px);\"><\/div><\/div><\/div><div class=\"vce-col-inner\" data-vce-element-content=\"true\" data-vce-do-apply=\"padding margin  el-bf5c887b\"><div class=\"vce-text-block\"><div class=\"vce-text-block-wrapper vce\" id=\"el-d71e03f8\" data-vce-do-apply=\"all el-d71e03f8\"><p>[vc_row bg_type=\"theme_default\" css=\".vc_custom_1414159959868{margin-top: 100px !important;}\"][vc_column]<div class=\"aio-icon-component    style_1\"><div id=\"Info-box-wrap-7541\" class=\"aio-icon-box top-icon\" style=\"\"  ><div class=\"aio-icon-top\"><div class=\"ult-just-icon-wrapper  \"><div class=\"align-icon\" style=\"text-align:center;\">\n<div class=\"aio-icon none \"  style=\"color:#c9c9c9;font-size:30px;display:inline-block;\">\n\t<i class=\"icomoon-uniF749\"><\/i>\n<\/div><\/div><\/div><\/div><\/div> <!-- aio-icon-box --><\/div> <!-- aio-icon-component --><\/p><h1 style=\"text-align: center; font-family: 'Raleway', sans-serif; font-weight: 300; font-size: 48px; color: #252525; margin-top: -7px;\"><span style=\"color: #d8a2a0;\">Reforma integral calle sueca<\/span><\/h1><hr class=\"divider horizontal-break\" style=\"background: rgba(209,209,209,0.7); margin-top: 10px; margin-bottom: 15px;\"><p style=\"text-align: center; font-weight: 300; font-size: 18px; font-family: Roboto; color: #6b6b6b;\"><span style=\"color: #d8a2a0;\">En el mismo coraz\u00f3n de Russafa, se encuentra esta vivienda en un edificio que fue rehabilitado<br>completamente\u2026SALVO la estructura de esta vivienda. Por ello, lo primero que se efectu\u00f3 fue un<br>refuerzo estructural de las viguetas de madera con ataques por xil\u00f3fagos y colocaci\u00f3n de una capa de<br>compresi\u00f3n anclada a estructura existente. Luego se recompuso el espacio potenciando luz natural y la<br>relaci\u00f3n entre interior-exterior, por medio de una ventana abatible a la terraza interna, que permit\u00eda<br>integrarse la misma en el interior de la vivienda, aumentando el espacio \u00fatil. Se rescat\u00f3 todos los<br>elementos antiguos en la vivienda, para dar la sensaci\u00f3n de antiguo-moderno. Esta idea se refuerza<br>tambi\u00e9n en el suelo donde se une un pavimento de madera actual con una loseta hidr\u00e1ulica octogonal<br>recuperada de otra obra, todo un acierto, innovaci\u00f3n y ancestralidad el alma de este proyecto&nbsp;<\/span><\/p><\/div><\/div><div class=\"vce-image-masonry-gallery\"><div class=\"vce-image-masonry-gallery-wrapper vce vce-image-masonry-gallery--gap-10 vce-image-masonry-gallery--columns-3\" id=\"el-c0afb0e8\" data-vce-do-apply=\"all el-c0afb0e8\"><div class=\"vce-image-masonry-gallery-list\"><div class=\"vce-image-masonry-gallery-column\"><a href=\"https:\/\/www.energiacreativa.archi\/wp-content\/uploads\/2018\/08\/f92d0587-f326-4207-95ab-8fd7c59d40f3.jpg\" data-lightbox=\"lightbox-c0afb0e8\" class=\"vce-image-masonry-gallery-item\"><img class=\"vce-image-masonry-gallery-img\" src=\"https:\/\/www.energiacreativa.archi\/wp-content\/uploads\/2018\/08\/f92d0587-f326-4207-95ab-8fd7c59d40f3.jpg\" alt=\"\"><\/a><a href=\"https:\/\/www.energiacreativa.archi\/wp-content\/uploads\/2018\/08\/330b2b2f-e0b0-499a-b4f7-4e8e5e6e3c32.jpg\" data-lightbox=\"lightbox-c0afb0e8\" class=\"vce-image-masonry-gallery-item\"><img class=\"vce-image-masonry-gallery-img\" src=\"https:\/\/www.energiacreativa.archi\/wp-content\/uploads\/2018\/08\/330b2b2f-e0b0-499a-b4f7-4e8e5e6e3c32.jpg\" alt=\"\"><\/a><\/div><div class=\"vce-image-masonry-gallery-column\"><a href=\"https:\/\/www.energiacreativa.archi\/wp-content\/uploads\/2018\/08\/ef222791-5240-4072-b8f7-52fca99c65b3.jpg\" data-lightbox=\"lightbox-c0afb0e8\" class=\"vce-image-masonry-gallery-item\"><img class=\"vce-image-masonry-gallery-img\" src=\"https:\/\/www.energiacreativa.archi\/wp-content\/uploads\/2018\/08\/ef222791-5240-4072-b8f7-52fca99c65b3.jpg\" alt=\"\"><\/a><\/div><div class=\"vce-image-masonry-gallery-column\"><a href=\"https:\/\/www.energiacreativa.archi\/wp-content\/uploads\/2018\/08\/2a007d90-b312-45c0-8f4d-32142dff4854.jpg\" data-lightbox=\"lightbox-c0afb0e8\" class=\"vce-image-masonry-gallery-item\"><img class=\"vce-image-masonry-gallery-img\" src=\"https:\/\/www.energiacreativa.archi\/wp-content\/uploads\/2018\/08\/2a007d90-b312-45c0-8f4d-32142dff4854.jpg\" alt=\"\"><\/a><a href=\"https:\/\/www.energiacreativa.archi\/wp-content\/uploads\/2018\/08\/4b140348-ab85-40b2-9520-2b8d2e3f8cc6.jpg\" data-lightbox=\"lightbox-c0afb0e8\" class=\"vce-image-masonry-gallery-item\"><img class=\"vce-image-masonry-gallery-img\" src=\"https:\/\/www.energiacreativa.archi\/wp-content\/uploads\/2018\/08\/4b140348-ab85-40b2-9520-2b8d2e3f8cc6.jpg\" alt=\"\"><\/a><\/div><\/div><\/div><\/div><\/div><\/div><\/div><\/div><\/div>\n","protected":false},"excerpt":{"rendered":"<p>&#8230;<\/p>\n","protected":false},"author":1,"featured_media":23899,"parent":0,"menu_order":0,"comment_status":"closed","ping_status":"closed","template":"","meta":[],"_links":{"self":[{"href":"https:\/\/www.energiacreativa.archi\/index.php?rest_route=\/wp\/v2\/pages\/24006"}],"collection":[{"href":"https:\/\/www.energiacreativa.archi\/index.php?rest_route=\/wp\/v2\/pages"}],"about":[{"href":"https:\/\/www.energiacreativa.archi\/index.php?rest_route=\/wp\/v2\/types\/page"}],"author":[{"embeddable":true,"href":"https:\/\/www.energiacreativa.archi\/index.php?rest_route=\/wp\/v2\/users\/1"}],"replies":[{"embeddable":true,"href":"https:\/\/www.energiacreativa.archi\/index.php?rest_route=%2Fwp%2Fv2%2Fcomments&post=24006"}],"version-history":[{"count":10,"href":"https:\/\/www.energiacreativa.archi\/index.php?rest_route=\/wp\/v2\/pages\/24006\/revisions"}],"predecessor-version":[{"id":24051,"href":"https:\/\/www.energiacreativa.archi\/index.php?rest_route=\/wp\/v2\/pages\/24006\/revisions\/24051"}],"wp:featuredmedia":[{"embeddable":true,"href":"https:\/\/www.energiacreativa.archi\/index.php?rest_route=\/wp\/v2\/media\/23899"}],"wp:attachment":[{"href":"https:\/\/www.energiacreativa.archi\/index.php?rest_route=%2Fwp%2Fv2%2Fmedia&parent=24006"}],"curies":[{"name":"wp","href":"https:\/\/api.w.org\/{rel}","templated":true}]}}