{"id":23812,"date":"2018-09-13T17:41:59","date_gmt":"2018-09-13T17:41:59","guid":{"rendered":"http:\/\/www.energiacreativa.archi\/?page_id=23812"},"modified":"2019-02-17T08:58:37","modified_gmt":"2019-02-17T08:58:37","slug":"quienes-somos","status":"publish","type":"page","link":"https:\/\/www.energiacreativa.archi\/?page_id=23812","title":{"rendered":"Quienes somos"},"content":{"rendered":"<div class=\"vce-row-container\"><div class=\"vce-row vce-row--col-gap-30 vce-row-columns--top vce-row-content--top\" id=\"el-ab4792c0\" data-vce-do-apply=\"all el-ab4792c0\"><div class=\"vce-row-content\" data-vce-element-content=\"true\"><div class=\"vce-col vce-col--md-100p vce-col--xs-1 vce-col--xs-last vce-col--xs-first vce-col--sm-last vce-col--sm-first vce-col--md-last vce-col--lg-last vce-col--xl-last vce-col--md-first vce-col--lg-first vce-col--xl-first\" id=\"el-5b79c361\" data-vce-do-apply=\"background border el-5b79c361\"><div class=\"vce-col-inner\" data-vce-element-content=\"true\" data-vce-do-apply=\"padding margin  el-5b79c361\"><div class=\"vce-text-block\"><div class=\"vce-text-block-wrapper vce\" id=\"el-fd1b6249\" data-vce-do-apply=\"all el-fd1b6249\"><h2>Quienes somos<\/h2>\n <p align=\"justify\">\nESPACIO CREATIVO nace de la uni\u00f3n de la t\u00e9cnica y experiencia rehabilitadora con la creatividad. Arquitectura y dise\u00f1o se fusionan para dar vida a nuestro despacho.\nOrden, armon\u00eda, sencillez y responsabilidad con el trabajo bien hecho definen nuestros valores.\nTrabajamos con un equipo interdisciplinar, abarcando todos los estadios de la obra: Proyecto, Direcci\u00f3n de Obra, Elecci\u00f3n de materiales, Construcci\u00f3n, Trato con el cliente, etc.<\/p><\/div><\/div><\/div><\/div><\/div><\/div><\/div><div class=\"vce-row-container\"><div class=\"vce-row vce-row--col-gap-30 vce-row-columns--top vce-row-content--top\" id=\"el-d8687b8f\" data-vce-do-apply=\"all el-d8687b8f\"><div class=\"vce-row-content\" data-vce-element-content=\"true\"><div class=\"vce-col vce-col--md-100p vce-col--xs-1 vce-col--xs-last vce-col--xs-first vce-col--sm-last vce-col--sm-first vce-col--md-last vce-col--lg-last vce-col--xl-last vce-col--md-first vce-col--lg-first vce-col--xl-first\" id=\"el-c57ea19b\" data-vce-do-apply=\"background border el-c57ea19b\"><div class=\"vce-col-inner\" data-vce-element-content=\"true\" data-vce-do-apply=\"padding margin  el-c57ea19b\"><div class=\"vce vce-separator-container vce-separator--align-center vce-separator--style-solid\" id=\"el-c2968864\" data-vce-do-apply=\"margin el-c2968864\"><div class=\"vce-separator vce-separator--color-bfc0c1 vce-separator--width-60 vce-separator--thickness-1\" data-vce-do-apply=\"border padding background  el-c2968864\"><\/div><\/div><\/div><\/div><\/div><\/div><\/div><div class=\"vce-row-container\"><div class=\"vce-row vce-row--col-gap-30 vce-row-columns--top vce-row-content--top\" id=\"el-833d0d61\" data-vce-do-apply=\"all el-833d0d61\"><div class=\"vce-row-content\" data-vce-element-content=\"true\"><div class=\"vce-col vce-col--md-50p vce-col--xs-1 vce-col--xs-last vce-col--xs-first vce-col--sm-last vce-col--sm-first vce-col--md-first vce-col--lg-first vce-col--xl-first\" id=\"el-4a50f87c\" data-vce-do-apply=\"background border el-4a50f87c\"><div class=\"vce-content-background-container\"><\/div><div class=\"vce-col-inner\" data-vce-element-content=\"true\" data-vce-do-apply=\"padding margin  el-4a50f87c\"><div class=\"vce-single-image-container vce-single-image--align-center\"><div class=\"vce vce-single-image-wrapper\" id=\"el-db4b1a0e\" data-vce-do-apply=\"all el-db4b1a0e\" data-vce-animate=\"vce-o-animate--pulse\"><figure><div class=\"vce-single-image-inner\"><img class=\"vce-single-image\" data-width=\"280\" data-height=\"280\"src=\"https:\/\/www.energiacreativa.archi\/wp-content\/uploads\/2019\/02\/Foto-Pepe-280x280.png\" data-img-src=\"https:\/\/www.energiacreativa.archi\/wp-content\/uploads\/2018\/09\/Foto-Pepe.png\" alt=\"\" title=\"Foto Pepe\"\/><\/div><\/figure><\/div><\/div><div class=\"vce-text-block\"><div class=\"vce-text-block-wrapper vce\" id=\"el-27c5bdff\" data-vce-do-apply=\"all el-27c5bdff\"><h4 style=\"text-align: center;\">JOSE MORENO ROMERO<\/h4><h6 style=\"text-align: center;\">arquitecto<\/h6><p align=\"justify\">Jos\u00e9 Moreno Romero, o lo que es lo mismo Pepe Moreno, es Doctor Arquitecto por la Universidad Polit\u00e9cnica de Valencia. Cursa sus estudios de arquitectura y de M\u00e1ster en Ingenier\u00eda del Hormig\u00f3n en Valencia, este \u00faltimo en la Escuela de Ingenier\u00eda de Caminos, Canales y Puertos. En el a\u00f1o 2004 es socio fundador de N\u00e9mesis Taller de Arquitectura, un despacho dedicado a Rehabilitaci\u00f3n e intervenciones estructurales. Anteriormente, trabaj\u00f3 para el grupo Marina D\u2019Or y el Ayuntamiento de Valencia. Es experto en patolog\u00eda y rehabilitaci\u00f3n de edificios. En sus m\u00e1s de 15 a\u00f1os de experiencia, ha efectuado intervenciones estructurales y de rehabilitaci\u00f3n por toda la Comunidad Valenciana, sobre todo en la zona de Cullera y Valencia. Adem\u00e1s, ha dado Masterclass tanto en la escuela de Caminos, Canales y Puertos como en el Master de Ingenier\u00eda del Hormig\u00f3n. Ha publicado art\u00edculos t\u00e9cnicos y de divulgaci\u00f3n cient\u00edfica en varias revistas.<\/p><\/div><\/div><\/div><\/div><div class=\"vce-col vce-col--md-50p vce-col--xs-1 vce-col--xs-last vce-col--xs-first vce-col--sm-last vce-col--sm-first vce-col--md-last vce-col--lg-last vce-col--xl-last\" id=\"el-05a97a1e\" data-vce-do-apply=\"background border el-05a97a1e\"><div class=\"vce-content-background-container\"><\/div><div class=\"vce-col-inner\" data-vce-element-content=\"true\" data-vce-do-apply=\"padding margin  el-05a97a1e\"><div class=\"vce-single-image-container vce-single-image--align-center\"><div class=\"vce vce-single-image-wrapper\" id=\"el-ec5c7f51\" data-vce-do-apply=\"all el-ec5c7f51\" data-vce-animate=\"vce-o-animate--pulse\"><figure><div class=\"vce-single-image-inner\"><img class=\"vce-single-image\" data-width=\"280\" data-height=\"280\"src=\"https:\/\/www.energiacreativa.archi\/wp-content\/uploads\/2019\/02\/Foto-Patri-280x280.jpeg\" data-img-src=\"https:\/\/www.energiacreativa.archi\/wp-content\/uploads\/2018\/10\/Foto-Patri.jpeg\" alt=\"\" title=\"Foto Patri\"\/><\/div><\/figure><\/div><\/div><div class=\"vce-text-block\"><div class=\"vce-text-block-wrapper vce\" id=\"el-e3286232\" data-vce-do-apply=\"all el-e3286232\"><h4 style=\"text-align: center;\">patricia pardo<\/h4><h6 style=\"text-align: center;\">decoradora e interiorista<\/h6><p align=\"justify\"><span style=\"font-weight: 400;\">Patricia Pardo es decoradora e interiorista. Cursa sus estudios tanto en la Escuela de Artes Aplicadas y Oficios Art\u00edsticos como en la Escuela Art\u00edstica Peris Torres, ambas en Valencia. Desde el a\u00f1o 2012 trabaja en su despacho propio. Anteriormente, hab\u00eda trabajado en <\/span><i><span style=\"font-weight: 400;\">El Cascall<\/span><\/i><span style=\"font-weight: 400;\"> de Alcoy \u2013 dedicada al dise\u00f1o y fabricaci\u00f3n de cocinas- y en <\/span><i><span style=\"font-weight: 400;\">La Oca<\/span><\/i><span style=\"font-weight: 400;\"> en Valencia \u2013 dedicada al dise\u00f1o y fabricaci\u00f3n y a la atenci\u00f3n personalizada al cliente. Es experta en mobiliario actual y de dise\u00f1o, restauraci\u00f3n de madera y de vidrieras art\u00edsticas. Ha desarrollado toda su carrera en la provincia de Valencia, sobre todo en la capital.<\/span><\/p><\/div><\/div><\/div><\/div><\/div><\/div><\/div><div class=\"vce-row-container\"><div class=\"vce-row vce-row--col-gap-30 vce-row-columns--top vce-row-content--top\" id=\"el-32d27dec\" data-vce-do-apply=\"all el-32d27dec\"><div class=\"vce-row-content\" data-vce-element-content=\"true\"><div class=\"vce-col vce-col--md-100p vce-col--xs-1 vce-col--xs-last vce-col--xs-first vce-col--sm-last vce-col--sm-first vce-col--md-last vce-col--lg-last vce-col--xl-last vce-col--md-first vce-col--lg-first vce-col--xl-first\" id=\"el-c1fd79e2\" data-vce-do-apply=\"background border el-c1fd79e2\"><div class=\"vce-col-inner\" data-vce-element-content=\"true\" data-vce-do-apply=\"padding margin  el-c1fd79e2\"><div class=\"vce vce-separator-container vce-separator--align-center vce-separator--style-solid\" id=\"el-ba713994\" data-vce-do-apply=\"margin el-ba713994\"><div class=\"vce-separator vce-separator--color-bfc0c1 vce-separator--width-60 vce-separator--thickness-1\" data-vce-do-apply=\"border padding background  el-ba713994\"><\/div><\/div><div class=\"vce-text-block\"><div class=\"vce-text-block-wrapper vce\" id=\"el-de1b4fa1\" data-vce-do-apply=\"all el-de1b4fa1\"><h2>colaboradores<\/h2>\n <p align=\"justify\">En ESPACIO CREATIVO contamos con un amplio equipo de colaboradores para dar respuesta a una gran gama de proyectos<span style=\"background-color: transparent;\">.<\/span><\/p><\/div><\/div><div class=\"vce vce-separator-container vce-separator--align-center vce-separator--style-solid\" id=\"el-907402f2\" data-vce-do-apply=\"margin el-907402f2\"><div class=\"vce-separator vce-separator--color-bfc0c1 vce-separator--width-60 vce-separator--thickness-1\" data-vce-do-apply=\"border padding background  el-907402f2\"><\/div><\/div><\/div><\/div><\/div><\/div><\/div><div class=\"vce-row-container\"><div class=\"vce-row vce-row--col-gap-30 vce-row-columns--top vce-row-content--top\" id=\"el-2af8d8f6\" data-vce-do-apply=\"all el-2af8d8f6\"><div class=\"vce-row-content\" data-vce-element-content=\"true\"><div class=\"vce-col vce-col--md-50p vce-col--xs-1 vce-col--xs-last vce-col--xs-first vce-col--sm-last vce-col--sm-first vce-col--md-first vce-col--lg-first vce-col--xl-first\" id=\"el-6cc70597\" data-vce-do-apply=\"background border el-6cc70597\"><div class=\"vce-col-inner\" data-vce-element-content=\"true\" data-vce-do-apply=\"padding margin  el-6cc70597\"><div class=\"vce-single-image-container vce-single-image--align-center\"><div class=\"vce vce-single-image-wrapper\" id=\"el-24c16c64\" data-vce-do-apply=\"all el-24c16c64\" data-vce-animate=\"vce-o-animate--pulse\"><figure><div class=\"vce-single-image-inner vce-single-image--border-round\"><img class=\"vce-single-image\" data-width=\"240\" data-height=\"240\"src=\"https:\/\/www.energiacreativa.archi\/wp-content\/uploads\/2019\/02\/Foto-JuanBW-240x240.jpg\" data-img-src=\"https:\/\/www.energiacreativa.archi\/wp-content\/uploads\/2018\/12\/Foto-JuanBW.jpg\" alt=\"\" title=\"Foto JuanBW\"\/><\/div><\/figure><\/div><\/div><div class=\"vce-text-block\"><div class=\"vce-text-block-wrapper vce\" id=\"el-c937d5e8\" data-vce-do-apply=\"all el-c937d5e8\"><h4 style=\"text-align: center;\">juan bod\u00ed corbal\u00e1n<\/h4><h6 style=\"text-align: center;\">renderista y proyectos virtuales<\/h6><p align=\"justify\">&nbsp;<\/p><\/div><\/div><\/div><\/div><div class=\"vce-col vce-col--md-50p vce-col--xs-1 vce-col--xs-last vce-col--xs-first vce-col--sm-last vce-col--sm-first vce-col--md-last vce-col--lg-last vce-col--xl-last\" id=\"el-7eaa7785\" data-vce-do-apply=\"background border el-7eaa7785\"><div class=\"vce-col-inner\" data-vce-element-content=\"true\" data-vce-do-apply=\"padding margin  el-7eaa7785\"><div class=\"vce-single-image-container vce-single-image--align-center\"><div class=\"vce vce-single-image-wrapper\" id=\"el-3ee1c700\" data-vce-do-apply=\"all el-3ee1c700\" data-vce-animate=\"vce-o-animate--pulse\"><figure><div class=\"vce-single-image-inner vce-single-image--border-round\"><img class=\"vce-single-image\" data-width=\"240\" data-height=\"240\"src=\"https:\/\/www.energiacreativa.archi\/wp-content\/uploads\/2019\/02\/FotoCharo1-240x240.jpeg\" data-img-src=\"https:\/\/www.energiacreativa.archi\/wp-content\/uploads\/2019\/02\/FotoCharo1.jpeg\" alt=\"\" title=\"FotoCharo1\"\/><\/div><\/figure><\/div><\/div><div class=\"vce-text-block\"><div class=\"vce-text-block-wrapper vce\" id=\"el-4b7d37e1\" data-vce-do-apply=\"all el-4b7d37e1\"><h4 style=\"text-align: center;\">Charo Climent Domenech<\/h4><h6 style=\"text-align: center;\">Paisajista y arte floral<\/h6><p align=\"justify\">&nbsp;<\/p><\/div><\/div><\/div><\/div><\/div><\/div><\/div>\n","protected":false},"excerpt":{"rendered":"<p>&#8230;<\/p>\n","protected":false},"author":1,"featured_media":0,"parent":0,"menu_order":0,"comment_status":"closed","ping_status":"closed","template":"","meta":[],"_links":{"self":[{"href":"https:\/\/www.energiacreativa.archi\/index.php?rest_route=\/wp\/v2\/pages\/23812"}],"collection":[{"href":"https:\/\/www.energiacreativa.archi\/index.php?rest_route=\/wp\/v2\/pages"}],"about":[{"href":"https:\/\/www.energiacreativa.archi\/index.php?rest_route=\/wp\/v2\/types\/page"}],"author":[{"embeddable":true,"href":"https:\/\/www.energiacreativa.archi\/index.php?rest_route=\/wp\/v2\/users\/1"}],"replies":[{"embeddable":true,"href":"https:\/\/www.energiacreativa.archi\/index.php?rest_route=%2Fwp%2Fv2%2Fcomments&post=23812"}],"version-history":[{"count":11,"href":"https:\/\/www.energiacreativa.archi\/index.php?rest_route=\/wp\/v2\/pages\/23812\/revisions"}],"predecessor-version":[{"id":24115,"href":"https:\/\/www.energiacreativa.archi\/index.php?rest_route=\/wp\/v2\/pages\/23812\/revisions\/24115"}],"wp:attachment":[{"href":"https:\/\/www.energiacreativa.archi\/index.php?rest_route=%2Fwp%2Fv2%2Fmedia&parent=23812"}],"curies":[{"name":"wp","href":"https:\/\/api.w.org\/{rel}","templated":true}]}}